{"id":7,"date":"2021-08-08T21:07:54","date_gmt":"2021-08-08T21:07:54","guid":{"rendered":"http:\/\/www.liceum-sierakowice.pl\/portal\/?page_id=7"},"modified":"2024-08-05T21:27:52","modified_gmt":"2024-08-05T21:27:52","slug":"informacje","status":"publish","type":"page","link":"https:\/\/www.liceum-sierakowice.pl\/portal\/","title":{"rendered":"Informacje"},"content":{"rendered":"<div id=\"pl-7\"  class=\"panel-layout\" ><div id=\"pg-7-0\"  class=\"panel-grid panel-no-style\" ><div id=\"pgc-7-0-0\"  class=\"panel-grid-cell\" ><div id=\"panel-7-0-0-0\" class=\"so-panel widget widget_themegrill_flash_image tg-widget tg-image-widget panel-first-child panel-last-child\" data-index=\"0\" >\t<img src=\"http:\/\/www.liceum-sierakowice.pl\/portal\/wp-content\/uploads\/2024\/08\/Projekt-bez-nazwy-5.png\" \/>\n<\/div><\/div><\/div><div id=\"pg-7-1\"  class=\"panel-grid panel-no-style\" ><div id=\"pgc-7-1-0\"  class=\"panel-grid-cell\" ><div id=\"panel-7-1-0-0\" class=\"so-panel widget widget_themegrill_flash_image tg-widget tg-image-widget panel-first-child panel-last-child\" data-index=\"1\" >\t<img src=\"http:\/\/www.liceum-sierakowice.pl\/portal\/wp-content\/uploads\/2024\/08\/Point-Somoniono-grafiki-kwadrat.png\" \/>\n<\/div><\/div><div id=\"pgc-7-1-1\"  class=\"panel-grid-cell\" ><div id=\"panel-7-1-1-0\" class=\"so-panel widget widget_sow-editor panel-first-child panel-last-child\" data-index=\"2\" ><div\n\t\t\t\n\t\t\tclass=\"so-widget-sow-editor so-widget-sow-editor-base\"\n\t\t\t\n\t\t><h3 class=\"widget-title\">Pracuj i ucz si\u0119 jednocze\u015bnie!<\/h3>\n<div class=\"siteorigin-widget-tinymce textwidget\">\n\t<p>To nie puste has\u0142o - to realna mo\u017cliwo\u015b\u0107! Dzi\u0119ki naszej szkole, w kt\u00f3rej realizujemy nauczanie hybrydowe, mo\u017cesz jednocze\u015bnie pracowa\u0107, wychowywa\u0107 dzieci i kszta\u0142ci\u0107 si\u0119 w tym samym czasie!<\/p>\n<p>Dzi\u0119ki elastycznym metodom dydaktycznym, od pomagamy zdobywa\u0107 wykszta\u0142cenie \u015brednie wszystkim tym, kt\u00f3rzy z r\u00f3\u017cnych przyczyn nie mog\u0105 tego realizowa\u0107 w trybie stacjonarnym. Mamy ju\u017c ponad 17 lato do\u015bwiaczenia, ponad 250 zadowolonych matrzyst\u00f3w - abiturient\u00f3w, kt\u00f3rzy podnie\u015bli swoj\u0105 wiedz\u0119, kwalifikacje i umiej\u0119tno\u015bci.<\/p>\n<p>Zaufaj do\u015bwiadczeniu i aplikuj do naszej szko\u0142y ju\u017c dzi\u015b!<\/p>\n<\/div>\n<\/div><\/div><\/div><\/div><div id=\"pg-7-2\"  class=\"panel-grid panel-no-style\" ><div id=\"pgc-7-2-0\"  class=\"panel-grid-cell\" ><div id=\"panel-7-2-0-0\" class=\"so-panel widget widget_sow-slider panel-first-child\" data-index=\"3\" ><div\n\t\t\t\n\t\t\tclass=\"so-widget-sow-slider so-widget-sow-slider-default-6d39609536fd-7\"\n\t\t\t\n\t\t>\t\t\t\t<div class=\"sow-slider-base\" style=\"display: none\" tabindex=\"0\">\n\t\t\t\t\t<ul\n\t\t\t\t\tclass=\"sow-slider-images\"\n\t\t\t\t\tdata-settings=\"{&quot;pagination&quot;:true,&quot;speed&quot;:800,&quot;timeout&quot;:8000,&quot;paused&quot;:false,&quot;pause_on_hover&quot;:false,&quot;swipe&quot;:true,&quot;nav_always_show_desktop&quot;:&quot;&quot;,&quot;nav_always_show_mobile&quot;:&quot;&quot;,&quot;breakpoint&quot;:&quot;780px&quot;,&quot;unmute&quot;:false,&quot;anchor&quot;:null}\"\n\t\t\t\t\t\t\t\t\t\tdata-anchor-id=\"\"\n\t\t\t\t>\t\t<li class=\"sow-slider-image\" style=\"visibility: visible;\" >\n\t\t\t\t\t\t<div class=\"sow-slider-image-container\">\n\t\t\t\t<div class=\"sow-slider-image-wrapper\" style=\"max-width: 1500px\">\n\t\t\t\t\t\t\t\t\t\t<div class=\"sow-slider-image-foreground-wrapper\">\n\t\t\t\t\t\t<img width=\"1500\" height=\"843\" src=\"https:\/\/www.liceum-sierakowice.pl\/portal\/wp-content\/uploads\/2021\/08\/cropped-banner_fb.jpg\" class=\"sow-slider-foreground-image\" alt=\"\" decoding=\"async\" loading=\"lazy\" style=\"\" srcset=\"https:\/\/www.liceum-sierakowice.pl\/portal\/wp-content\/uploads\/2021\/08\/cropped-banner_fb.jpg 1500w, https:\/\/www.liceum-sierakowice.pl\/portal\/wp-content\/uploads\/2021\/08\/cropped-banner_fb-300x169.jpg 300w, https:\/\/www.liceum-sierakowice.pl\/portal\/wp-content\/uploads\/2021\/08\/cropped-banner_fb-1024x575.jpg 1024w, https:\/\/www.liceum-sierakowice.pl\/portal\/wp-content\/uploads\/2021\/08\/cropped-banner_fb-768x432.jpg 768w\" sizes=\"(max-width: 1500px) 100vw, 1500px\" \/>\t\t\t\t\t<\/div>\n\t\t\t\t\t\t\t\t\t<\/div>\n\t\t\t<\/div>\n\t\t\t\t\t<\/li>\n\t\t\t\t<li class=\"sow-slider-image\" style=\"visibility: hidden;\" >\n\t\t\t\t\t\t<div class=\"sow-slider-image-container\">\n\t\t\t\t<div class=\"sow-slider-image-wrapper\" style=\"max-width: 1920px\">\n\t\t\t\t\t\t\t\t\t\t<div class=\"sow-slider-image-foreground-wrapper\">\n\t\t\t\t\t\t<img width=\"1920\" height=\"1080\" src=\"https:\/\/www.liceum-sierakowice.pl\/portal\/wp-content\/uploads\/2021\/08\/slide_1-1.jpg\" class=\"sow-slider-foreground-image\" alt=\"\" decoding=\"async\" loading=\"lazy\" style=\"\" srcset=\"https:\/\/www.liceum-sierakowice.pl\/portal\/wp-content\/uploads\/2021\/08\/slide_1-1.jpg 1920w, https:\/\/www.liceum-sierakowice.pl\/portal\/wp-content\/uploads\/2021\/08\/slide_1-1-300x169.jpg 300w, https:\/\/www.liceum-sierakowice.pl\/portal\/wp-content\/uploads\/2021\/08\/slide_1-1-1024x576.jpg 1024w, https:\/\/www.liceum-sierakowice.pl\/portal\/wp-content\/uploads\/2021\/08\/slide_1-1-768x432.jpg 768w, https:\/\/www.liceum-sierakowice.pl\/portal\/wp-content\/uploads\/2021\/08\/slide_1-1-1536x864.jpg 1536w\" sizes=\"(max-width: 1920px) 100vw, 1920px\" \/>\t\t\t\t\t<\/div>\n\t\t\t\t\t\t\t\t\t<\/div>\n\t\t\t<\/div>\n\t\t\t\t\t<\/li>\n\t\t\t\t<li class=\"sow-slider-image\" style=\"visibility: hidden;\" >\n\t\t\t\t\t\t<div class=\"sow-slider-image-container\">\n\t\t\t\t<div class=\"sow-slider-image-wrapper\" style=\"max-width: 1414px\">\n\t\t\t\t\t\t\t\t\t\t<div class=\"sow-slider-image-foreground-wrapper\">\n\t\t\t\t\t\t<img width=\"1414\" height=\"2000\" src=\"https:\/\/www.liceum-sierakowice.pl\/portal\/wp-content\/uploads\/2023\/06\/ulotka-nowa.png\" class=\"sow-slider-foreground-image\" alt=\"\" decoding=\"async\" loading=\"lazy\" style=\"\" srcset=\"https:\/\/www.liceum-sierakowice.pl\/portal\/wp-content\/uploads\/2023\/06\/ulotka-nowa.png 1414w, https:\/\/www.liceum-sierakowice.pl\/portal\/wp-content\/uploads\/2023\/06\/ulotka-nowa-212x300.png 212w, https:\/\/www.liceum-sierakowice.pl\/portal\/wp-content\/uploads\/2023\/06\/ulotka-nowa-724x1024.png 724w, https:\/\/www.liceum-sierakowice.pl\/portal\/wp-content\/uploads\/2023\/06\/ulotka-nowa-768x1086.png 768w, https:\/\/www.liceum-sierakowice.pl\/portal\/wp-content\/uploads\/2023\/06\/ulotka-nowa-1086x1536.png 1086w\" sizes=\"(max-width: 1414px) 100vw, 1414px\" \/>\t\t\t\t\t<\/div>\n\t\t\t\t\t\t\t\t\t<\/div>\n\t\t\t<\/div>\n\t\t\t\t\t<\/li>\n\t\t<\/ul>\t\t\t\t<ol class=\"sow-slider-pagination\">\n\t\t\t\t\t\t\t\t\t\t\t<li><a href=\"#\" data-goto=\"0\" aria-label=\"display slide 1\"><\/a><\/li>\n\t\t\t\t\t\t\t\t\t\t\t<li><a href=\"#\" data-goto=\"1\" aria-label=\"display slide 2\"><\/a><\/li>\n\t\t\t\t\t\t\t\t\t\t\t<li><a href=\"#\" data-goto=\"2\" aria-label=\"display slide 3\"><\/a><\/li>\n\t\t\t\t\t\t\t\t\t<\/ol>\n\n\t\t\t\t<div class=\"sow-slide-nav sow-slide-nav-next\">\n\t\t\t\t\t<a href=\"#\" data-goto=\"next\" aria-label=\"next slide\" data-action=\"next\">\n\t\t\t\t\t\t<em class=\"sow-sld-icon-thin-right\"><\/em>\n\t\t\t\t\t<\/a>\n\t\t\t\t<\/div>\n\n\t\t\t\t<div class=\"sow-slide-nav sow-slide-nav-prev\">\n\t\t\t\t\t<a href=\"#\" data-goto=\"previous\" aria-label=\"previous slide\" data-action=\"prev\">\n\t\t\t\t\t\t<em class=\"sow-sld-icon-thin-left\"><\/em>\n\t\t\t\t\t<\/a>\n\t\t\t\t<\/div>\n\t\t\t\t<\/div><\/div><\/div><div id=\"panel-7-2-0-1\" class=\"so-panel widget widget_sow-editor panel-last-child\" data-index=\"4\" ><div\n\t\t\t\n\t\t\tclass=\"so-widget-sow-editor so-widget-sow-editor-base\"\n\t\t\t\n\t\t>\n<div class=\"siteorigin-widget-tinymce textwidget\">\n\t<p><!-- wp:paragraph --><\/p>\n<p><!-- wp:heading {\"level\":1} --><\/p>\n<h1 style=\"text-align: center;\"><\/h1>\n<p style=\"text-align: center;\"><img decoding=\"async\" loading=\"lazy\" class=\"alignnone wp-image-80 size-large\" src=\"http:\/\/www.liceum-sierakowice.pl\/portal\/wp-content\/uploads\/2021\/08\/MWSnap2002021-08-1512_26_59-1024x505.jpg\" alt=\"\" width=\"780\" height=\"385\" srcset=\"https:\/\/www.liceum-sierakowice.pl\/portal\/wp-content\/uploads\/2021\/08\/MWSnap2002021-08-1512_26_59-1024x505.jpg 1024w, https:\/\/www.liceum-sierakowice.pl\/portal\/wp-content\/uploads\/2021\/08\/MWSnap2002021-08-1512_26_59-300x148.jpg 300w, https:\/\/www.liceum-sierakowice.pl\/portal\/wp-content\/uploads\/2021\/08\/MWSnap2002021-08-1512_26_59-768x379.jpg 768w, https:\/\/www.liceum-sierakowice.pl\/portal\/wp-content\/uploads\/2021\/08\/MWSnap2002021-08-1512_26_59.jpg 1223w\" sizes=\"(max-width: 780px) 100vw, 780px\" \/><\/p>\n<p style=\"text-align: center;\">\n<p><!-- \/wp:paragraph --><\/p>\n<p><!-- \/wp:paragraph --><\/p>\n<\/div>\n<\/div><\/div><\/div><\/div><div id=\"pg-7-3\"  class=\"panel-grid panel-no-style\" ><div id=\"pgc-7-3-0\"  class=\"panel-grid-cell\" ><div id=\"panel-7-3-0-0\" class=\"so-panel widget widget_themegrill_flash_counter tg-widget tg-single-counter panel-first-child\" data-index=\"5\" ><div class=\"flash_inherit_color panel-widget-style panel-widget-style-for-7-3-0-0\" ><div class=\"fun-facts-section\">\n\t<div class=\"tg-fun-facts-widget tg-fun-facts-layout-2\">\n\t\t<div class=\"fun-facts-wrapper\">\n\t\t\t\t\t\t<span class=\"fun-facts-icon-wrap\"><i class=\"fa fa-address-book\"><\/i><\/span>\n\t\t\t\t\t\t\t\t\t<span class=\"counter-wrapper\"><span class=\"counter\">20<\/span><i class=\"fa fa-plus\"><\/i><\/span>\n\t\t\t\t\t\t\t\t\t<h3 class=\"fun-facts-title-wrap\">Do\u015bwiadczonych nauczycieli<\/h3>\n\t\t\t\t\t<\/div>\n\t<\/div>\n<\/div>\n<\/div><\/div><div id=\"panel-7-3-0-1\" class=\"so-panel widget widget_themegrill_flash_image tg-widget tg-image-widget panel-last-child\" data-index=\"6\" >\t<img src=\"http:\/\/www.liceum-sierakowice.pl\/portal\/wp-content\/uploads\/2024\/08\/Projekt-bez-nazwy-5.png\" \/>\n<\/div><\/div><div id=\"pgc-7-3-1\"  class=\"panel-grid-cell\" ><div id=\"panel-7-3-1-0\" class=\"so-panel widget widget_themegrill_flash_counter tg-widget tg-single-counter panel-first-child panel-last-child\" data-index=\"7\" ><div class=\"flash_inherit_color panel-widget-style panel-widget-style-for-7-3-1-0\" ><div class=\"fun-facts-section\">\n\t<div class=\"tg-fun-facts-widget tg-fun-facts-layout-2\">\n\t\t<div class=\"fun-facts-wrapper\">\n\t\t\t\t\t\t<span class=\"fun-facts-icon-wrap\"><i class=\"fa fa-bank\"><\/i><\/span>\n\t\t\t\t\t\t\t\t\t<span class=\"counter-wrapper\"><span class=\"counter\">17<\/span><i class=\"fa fa-plus\"><\/i><\/span>\n\t\t\t\t\t\t\t\t\t<h3 class=\"fun-facts-title-wrap\">Lat dzia\u0142alno\u015bci<\/h3>\n\t\t\t\t\t<\/div>\n\t<\/div>\n<\/div>\n<\/div><\/div><\/div><div id=\"pgc-7-3-2\"  class=\"panel-grid-cell\" ><div id=\"panel-7-3-2-0\" class=\"so-panel widget widget_themegrill_flash_counter tg-widget tg-single-counter panel-first-child panel-last-child\" data-index=\"8\" ><div class=\"flash_inherit_color panel-widget-style panel-widget-style-for-7-3-2-0\" ><div class=\"fun-facts-section\">\n\t<div class=\"tg-fun-facts-widget tg-fun-facts-layout-2\">\n\t\t<div class=\"fun-facts-wrapper\">\n\t\t\t\t\t\t<span class=\"fun-facts-icon-wrap\"><i class=\"fa fa-address-card-o\"><\/i><\/span>\n\t\t\t\t\t\t\t\t\t<span class=\"counter-wrapper\"><span class=\"counter\">110<\/span><i class=\"fa fa-plus\"><\/i><\/span>\n\t\t\t\t\t\t\t\t\t<h3 class=\"fun-facts-title-wrap\">Aktualnych s\u0142uchaczy<\/h3>\n\t\t\t\t\t<\/div>\n\t<\/div>\n<\/div>\n<\/div><\/div><\/div><div id=\"pgc-7-3-3\"  class=\"panel-grid-cell\" ><div id=\"panel-7-3-3-0\" class=\"so-panel widget widget_themegrill_flash_counter tg-widget tg-single-counter panel-first-child panel-last-child\" data-index=\"9\" ><div class=\"flash_inherit_color panel-widget-style panel-widget-style-for-7-3-3-0\" ><div class=\"fun-facts-section\">\n\t<div class=\"tg-fun-facts-widget tg-fun-facts-layout-2\">\n\t\t<div class=\"fun-facts-wrapper\">\n\t\t\t\t\t\t<span class=\"fun-facts-icon-wrap\"><i class=\"fa fa-graduation-cap\"><\/i><\/span>\n\t\t\t\t\t\t\t\t\t<span class=\"counter-wrapper\"><span class=\"counter\">257<\/span><i class=\"fa fa-plus\"><\/i><\/span>\n\t\t\t\t\t\t\t\t\t<h3 class=\"fun-facts-title-wrap\">Zadowolonych abiturient\u00f3w<\/h3>\n\t\t\t\t\t<\/div>\n\t<\/div>\n<\/div>\n<\/div><\/div><\/div><\/div><\/div>","protected":false},"excerpt":{"rendered":"<p>To nie puste has\u0142o &#8211; to realna mo\u017cliwo\u015b\u0107! Dzi\u0119ki naszej szkole, w kt\u00f3rej realizujemy nauczanie hybrydowe, mo\u017cesz jednocze\u015bnie pracowa\u0107, wychowywa\u0107 [&hellip;]<\/p>\n","protected":false},"author":1,"featured_media":0,"parent":0,"menu_order":0,"comment_status":"closed","ping_status":"closed","template":"","meta":[],"_links":{"self":[{"href":"https:\/\/www.liceum-sierakowice.pl\/portal\/index.php\/wp-json\/wp\/v2\/pages\/7"}],"collection":[{"href":"https:\/\/www.liceum-sierakowice.pl\/portal\/index.php\/wp-json\/wp\/v2\/pages"}],"about":[{"href":"https:\/\/www.liceum-sierakowice.pl\/portal\/index.php\/wp-json\/wp\/v2\/types\/page"}],"author":[{"embeddable":true,"href":"https:\/\/www.liceum-sierakowice.pl\/portal\/index.php\/wp-json\/wp\/v2\/users\/1"}],"replies":[{"embeddable":true,"href":"https:\/\/www.liceum-sierakowice.pl\/portal\/index.php\/wp-json\/wp\/v2\/comments?post=7"}],"version-history":[{"count":27,"href":"https:\/\/www.liceum-sierakowice.pl\/portal\/index.php\/wp-json\/wp\/v2\/pages\/7\/revisions"}],"predecessor-version":[{"id":149,"href":"https:\/\/www.liceum-sierakowice.pl\/portal\/index.php\/wp-json\/wp\/v2\/pages\/7\/revisions\/149"}],"wp:attachment":[{"href":"https:\/\/www.liceum-sierakowice.pl\/portal\/index.php\/wp-json\/wp\/v2\/media?parent=7"}],"curies":[{"name":"wp","href":"https:\/\/api.w.org\/{rel}","templated":true}]}}